{"id":100064,"date":"2017-05-23T15:49:31","date_gmt":"2017-05-23T13:49:31","guid":{"rendered":"http:\/\/sarahvolpi.it\/?page_id=100064"},"modified":"2025-04-11T16:12:28","modified_gmt":"2025-04-11T14:12:28","slug":"mindthevirgos","status":"publish","type":"page","link":"https:\/\/sarahvolpi.it\/index.php\/mindthevirgos\/","title":{"rendered":"MIND THE VIRGOS"},"content":{"rendered":"<div class=\"wpb-content-wrapper\">[vc_row 0=&#8221;&#8221;][vc_column][vc_single_image image=&#8221;101373&#8243; img_size=&#8221;full&#8221; alignment=&#8221;center&#8221; style=&#8221;vc_box_rounded&#8221; onclick=&#8221;img_link_large&#8221; img_link_target=&#8221;_blank&#8221; title=&#8221;MIND THE VIRGOS&#8221;][vc_custom_heading text=&#8221;Electric Band &amp; Acoustic Female Quartet&#8221; font_container=&#8221;tag:h2|text_align:center|color:%23e06d16&#8243; google_fonts=&#8221;font_family:Montserrat%20Alternates%3Aregular%2C700|font_style:400%20regular%3A400%3Anormal&#8221; css_animation=&#8221;fadeIn&#8221;][vc_empty_space][vc_custom_heading text=&#8221;Mind the Virgos \u00e8 una cover band tutta femminile con sonorit\u00e0 rock, dance, pop e soul che creano un mix avvincente.<br \/>\nUn repertorio ricco di emozioni per serate coinvolgenti!<br \/>\nGemma Prudente, voce, Silvia Ricci, chitarra, Sarah Volpi, basso e contrabbasso, Silvia Seadrop, batteria&#8221; font_container=&#8221;tag:h2|font_size:20|text_align:justify|color:%23000000&#8243; google_fonts=&#8221;font_family:Montserrat%3Aregular%2C700|font_style:400%20regular%3A400%3Anormal&#8221; css_animation=&#8221;fadeIn&#8221;][vc_empty_space][vc_video link=&#8221;https:\/\/youtu.be\/CHTvtp3G7T4?si=Zin15SC1NRuqVULo&#8221; el_width=&#8221;70&#8243; align=&#8221;center&#8221; css_animation=&#8221;fadeIn&#8221; title=&#8221;Mind The Virgos LIVE&#8221; src=&#8221;&#8220;https:\/\/www.youtube.com\/embed\/vjIWp1b2yk0&#8220;&#8221; width=&#8221;&#8220;560&#8220;&#8221; height=&#8221;&#8220;315&#8220;&#8221; frameborder=&#8221;&#8220;0&#8220;&#8221;][vc_column_text]\n<p style=\"text-align: center;\"><a href=\"https:\/\/www.youtube.com\/user\/MindTheVirgos\" target=\"_blank\" rel=\"noopener\"><img loading=\"lazy\" decoding=\"async\" class=\"wp-image-100851\" src=\"https:\/\/sarahvolpi.it\/wp-content\/uploads\/2019\/10\/ic-yt-150x150.png\" alt=\"Mind The Virgos \" width=\"50\" height=\"50\" srcset=\"https:\/\/sarahvolpi.it\/wp-content\/uploads\/2019\/10\/ic-yt-150x150.png 150w, https:\/\/sarahvolpi.it\/wp-content\/uploads\/2019\/10\/ic-yt-300x300.png 300w, https:\/\/sarahvolpi.it\/wp-content\/uploads\/2019\/10\/ic-yt-129x129.png 129w, https:\/\/sarahvolpi.it\/wp-content\/uploads\/2019\/10\/ic-yt.png 512w\" sizes=\"auto, (max-width: 50px) 100vw, 50px\" \/><\/a> \u00a0 \u00a0 \u00a0 \u00a0 \u00a0 \u00a0 \u00a0 \u00a0 \u00a0 \u00a0 \u00a0 \u00a0<a href=\"https:\/\/www.facebook.com\/MindTheVirgos\" target=\"_blank\" rel=\"noopener\"><img loading=\"lazy\" decoding=\"async\" class=\"alignnone wp-image-100848\" src=\"https:\/\/sarahvolpi.it\/wp-content\/uploads\/2019\/10\/ic-fb-150x150.png\" alt=\"Mind The Virgos Facebook\" width=\"50\" height=\"50\" srcset=\"https:\/\/sarahvolpi.it\/wp-content\/uploads\/2019\/10\/ic-fb-150x150.png 150w, https:\/\/sarahvolpi.it\/wp-content\/uploads\/2019\/10\/ic-fb.png 225w, https:\/\/sarahvolpi.it\/wp-content\/uploads\/2019\/10\/ic-fb-129x129.png 129w\" sizes=\"auto, (max-width: 50px) 100vw, 50px\" \/><\/a> \u00a0\u00a0 \u00a0\u00a0 \u00a0\u00a0 \u00a0\u00a0 \u00a0\u00a0 \u00a0\u00a0 \u00a0\u00a0 \u00a0\u00a0 \u00a0\u00a0 <a href=\"https:\/\/www.instagram.com\/mindthevirgos\/\" target=\"_blank\" rel=\"noopener\"><img loading=\"lazy\" decoding=\"async\" class=\"alignnone wp-image-100849\" src=\"https:\/\/sarahvolpi.it\/wp-content\/uploads\/2019\/10\/ic-instagram-150x150.png\" alt=\"Instagram Mind The Virgos\" width=\"50\" height=\"50\" srcset=\"https:\/\/sarahvolpi.it\/wp-content\/uploads\/2019\/10\/ic-instagram-150x150.png 150w, https:\/\/sarahvolpi.it\/wp-content\/uploads\/2019\/10\/ic-instagram.png 225w, https:\/\/sarahvolpi.it\/wp-content\/uploads\/2019\/10\/ic-instagram-129x129.png 129w\" sizes=\"auto, (max-width: 50px) 100vw, 50px\" \/><\/a><\/p>\n[\/vc_column_text][vc_empty_space][vc_single_image image=&#8221;102032&#8243; img_size=&#8221;medium&#8221; alignment=&#8221;center&#8221; style=&#8221;vc_box_rounded&#8221; onclick=&#8221;custom_link&#8221; img_link_target=&#8221;_blank&#8221; css=&#8221;&#8221; title=&#8221;Mind The Virgos @IRRIVERENTE PUB &#8220;][\/vc_column][\/vc_row][vc_row][vc_column][\/vc_column][\/vc_row][vc_row][vc_column][vc_column_text]\n<p style=\"font-weight: 400; text-align: left;\"><strong><b>Gemma Prudente<\/b><\/strong> \u00e8 una cantante italiana dalla voce calda e internazionale. Comincia il suo percorso musicale sin da et\u00e0 adolescenziale. Si cimenta come corista soprano e solista e da li non si \u00e8 pi\u00f9 fermata. Partecipa a numerosi concorsi canori classificandosi sempre ai primi posti e ricevendo prestigiosi premi. Dopo studi intensi da autodidatta e facendosi le ossa sui palchi, segue lezioni di canto con Silvana Lorenzetti e Luigina Bertuzzi. Dal 2003 comincia a collaborare con diverse realt\u00e0 musicali iniziando come corista per poi affermarsi e continuare come solista e leader di vari gruppi della scena milanese. Dopo un&#8217;esperienza all&#8217;estero come cantante torna in Italia per continuare il suo percorso canoro, studiando, collaborando con differenti realt\u00e0 musicali ed impegnandosi nelle The Oder Side, Mind The Virgos, La Dolce Vita e il Como Gospel Choir.<\/p>\n<p style=\"text-align: left;\"><strong><b>Sarah Volpi<\/b><\/strong> \u00e8 una contrabbassista e bassista italiana. Ha collaborato con diverse band in studio e dal vivo. Ha studiato alla Civica Scuola di Jazz AFAM di Milano. Si \u00e8 esibita al Guitar International Rendez-Vous di Piave di Soligo, In tra Jazz e Cinema all&#8217;Anteo di Milano con la formazione Girls Jazz Guitar New Entry; in duo acustico The Oder Side per Associazione Olinda al tribute di Miriam Makeba, al NORDEST CAFFE e nelle date dell&#8217;Atto Unico Teatrale &#8220;Virginia&#8221; all&#8217;Universit\u00e0 dell&#8217;Insubria di Como per la compagnia Collettivo d&#8217;Immaginazione regia di Luciano Sartirana, a Barcellona evento ECONET, Feltrinelli RED in Jazz. Ha suonato nelle Pink Notes alla Galleria Estense di Modena, nella sala Demitrio Stratos di Radio Popolare, Galleria Alberoni, JazzMi al MUBA di Milano, al Reggimento Genio Pontieri e La Chiesetta a Piacenza. Attualmente suona nelle formazioni femminili Mind The Virgos; Le Folie Ensemble con cui si \u00e8 esibita a Piacenza, a Crema nel Palazzo del Comune, alla biblioteca di Spino D&#8217;Adda e al Cimitero Monumentale per la programmazione &#8220;Musei a cielo aperto&#8221; organizzata da Fondazione Milano con la partecipazione del Maestro Enrico Intra e Alfonso Alberti.<\/p>\n<p style=\"font-weight: 400; text-align: left;\"><strong><b>Silvia &#8220;Seadrop&#8221;<\/b><\/strong> Fino al 2000, ha studiato batteria con il maestro Sandro Lorenzetti presso la scuola Free Sound di Milano. In seguito, ha interrotto gli studi per dedicarsi completamente al mondo discografico e editoriale della musica italiana, occupandosi, tra le altre cose, di International Promotion e Copyright. Tuttavia, il suo amore immenso per la musica &#8220;suonata&#8221; non si \u00e8 mai sopito, riportandola recentemente a impugnare le bacchette. Ha ripreso a studiare con il maestro Walter Calloni presso la Funky Town Music Academy di Milano e ora \u00e8 pronta per nuove avventure&#8230; on the road!<\/p>\n[\/vc_column_text][\/vc_column][\/vc_row][vc_row][vc_column css_animation=&#8221;fadeIn&#8221;][vc_column_text]<img loading=\"lazy\" decoding=\"async\" class=\"size-medium wp-image-101036 alignleft\" src=\"https:\/\/sarahvolpi.it\/wp-content\/uploads\/2021\/12\/IMG_6264-freshblue-300x300.jpg\" alt=\"Mind the Virgos\" width=\"300\" height=\"300\" srcset=\"https:\/\/sarahvolpi.it\/wp-content\/uploads\/2021\/12\/IMG_6264-freshblue-300x300.jpg 300w, https:\/\/sarahvolpi.it\/wp-content\/uploads\/2021\/12\/IMG_6264-freshblue-1024x1024.jpg 1024w, https:\/\/sarahvolpi.it\/wp-content\/uploads\/2021\/12\/IMG_6264-freshblue-150x150.jpg 150w, https:\/\/sarahvolpi.it\/wp-content\/uploads\/2021\/12\/IMG_6264-freshblue-768x768.jpg 768w, https:\/\/sarahvolpi.it\/wp-content\/uploads\/2021\/12\/IMG_6264-freshblue-1536x1536.jpg 1536w, https:\/\/sarahvolpi.it\/wp-content\/uploads\/2021\/12\/IMG_6264-freshblue-2048x2048.jpg 2048w, https:\/\/sarahvolpi.it\/wp-content\/uploads\/2021\/12\/IMG_6264-freshblue-129x129.jpg 129w\" sizes=\"auto, (max-width: 300px) 100vw, 300px\" \/><img loading=\"lazy\" decoding=\"async\" class=\"size-medium wp-image-101458 alignleft\" src=\"https:\/\/sarahvolpi.it\/wp-content\/uploads\/2023\/07\/mtv-foto-w-logo-203x300.jpg\" alt=\"\" width=\"203\" height=\"300\" srcset=\"https:\/\/sarahvolpi.it\/wp-content\/uploads\/2023\/07\/mtv-foto-w-logo-203x300.jpg 203w, https:\/\/sarahvolpi.it\/wp-content\/uploads\/2023\/07\/mtv-foto-w-logo.jpg 636w\" sizes=\"auto, (max-width: 203px) 100vw, 203px\" \/><img loading=\"lazy\" decoding=\"async\" class=\"size-medium wp-image-101034 alignleft\" src=\"https:\/\/sarahvolpi.it\/wp-content\/uploads\/2021\/12\/IMG_6321-retro-300x300.jpg\" alt=\"MTV\" width=\"300\" height=\"300\" srcset=\"https:\/\/sarahvolpi.it\/wp-content\/uploads\/2021\/12\/IMG_6321-retro-300x300.jpg 300w, https:\/\/sarahvolpi.it\/wp-content\/uploads\/2021\/12\/IMG_6321-retro-1024x1024.jpg 1024w, https:\/\/sarahvolpi.it\/wp-content\/uploads\/2021\/12\/IMG_6321-retro-150x150.jpg 150w, https:\/\/sarahvolpi.it\/wp-content\/uploads\/2021\/12\/IMG_6321-retro-768x768.jpg 768w, https:\/\/sarahvolpi.it\/wp-content\/uploads\/2021\/12\/IMG_6321-retro-1536x1536.jpg 1536w, https:\/\/sarahvolpi.it\/wp-content\/uploads\/2021\/12\/IMG_6321-retro-2048x2048.jpg 2048w, https:\/\/sarahvolpi.it\/wp-content\/uploads\/2021\/12\/IMG_6321-retro-129x129.jpg 129w\" sizes=\"auto, (max-width: 300px) 100vw, 300px\" \/>[\/vc_column_text][\/vc_column][\/vc_row][vc_row][vc_column]\n<div class=\"wpcf7 no-js\" id=\"wpcf7-f100011-o1\" lang=\"it-IT\" dir=\"ltr\" data-wpcf7-id=\"100011\">\n<div class=\"screen-reader-response\"><p role=\"status\" aria-live=\"polite\" aria-atomic=\"true\"><\/p> <ul><\/ul><\/div>\n<form action=\"\/index.php\/wp-json\/wp\/v2\/pages\/100064#wpcf7-f100011-o1\" method=\"post\" class=\"wpcf7-form init\" aria-label=\"Modulo di contatto\" novalidate=\"novalidate\" data-status=\"init\">\n<fieldset class=\"hidden-fields-container\"><input type=\"hidden\" name=\"_wpcf7\" value=\"100011\" \/><input type=\"hidden\" name=\"_wpcf7_version\" value=\"6.1.5\" \/><input type=\"hidden\" name=\"_wpcf7_locale\" value=\"it_IT\" \/><input type=\"hidden\" name=\"_wpcf7_unit_tag\" value=\"wpcf7-f100011-o1\" \/><input type=\"hidden\" name=\"_wpcf7_container_post\" value=\"0\" \/><input type=\"hidden\" name=\"_wpcf7_posted_data_hash\" value=\"\" \/><input type=\"hidden\" name=\"_wpcf7_recaptcha_response\" value=\"\" \/>\n<\/fieldset>\n<p><label> Il tuo nome (richiesto) Your name (request)<br \/>\n<span class=\"wpcf7-form-control-wrap\" data-name=\"your-name\"><input size=\"40\" maxlength=\"400\" class=\"wpcf7-form-control wpcf7-text wpcf7-validates-as-required\" aria-required=\"true\" aria-invalid=\"false\" value=\"\" type=\"text\" name=\"your-name\" \/><\/span> <\/label>\n<\/p>\n<p><label> La tua email (richiesto) Your email (request)<br \/>\n<span class=\"wpcf7-form-control-wrap\" data-name=\"your-email\"><input size=\"40\" maxlength=\"400\" class=\"wpcf7-form-control wpcf7-email wpcf7-validates-as-required wpcf7-text wpcf7-validates-as-email\" aria-required=\"true\" aria-invalid=\"false\" value=\"\" type=\"email\" name=\"your-email\" \/><\/span> <\/label>\n<\/p>\n<p><label> Oggetto Object<br \/>\n<span class=\"wpcf7-form-control-wrap\" data-name=\"your-subject\"><input size=\"40\" maxlength=\"400\" class=\"wpcf7-form-control wpcf7-text\" aria-invalid=\"false\" value=\"\" type=\"text\" name=\"your-subject\" \/><\/span> <\/label>\n<\/p>\n<p><label> Il tuo messaggio Your message<br \/>\n<span class=\"wpcf7-form-control-wrap\" data-name=\"your-message\"><textarea cols=\"40\" rows=\"10\" maxlength=\"2000\" class=\"wpcf7-form-control wpcf7-textarea\" aria-invalid=\"false\" name=\"your-message\"><\/textarea><\/span> <\/label>\n<\/p>\n<p><input class=\"wpcf7-form-control wpcf7-submit has-spinner\" type=\"submit\" value=\"Invia\" \/>\n<\/p><noscript>\n\t\t\t<div class=\"wpcf7-response-output wpcf7-spam-blocked\">Your browser does not support JavaScript!. Please enable javascript in your browser in order to get form work properly.<\/div>\n\t<\/noscript><script type='text\/javascript'>\n\n\t\t\t\t\t\tif(contactform === undefined){\n\t\t\t\t\t\t\tvar contactform = [];\n\t\t\t\t\t\t}\n\t\t\t\t\t\tvar innerVal = [100011,'mail_sent_ok','Grazie per il tuo messaggio. &Egrave; stato inviato. Thank you for your message! It has been send'];\n\t\t\t\t\t\tcontactform.push(innerVal);\n\t\t\t\t\t\tvar innerVal = [100011,'mail_sent_ng','Si &egrave; verificato un errore durante l\\'invio del tuo messaggio. Per favore prova di nuovo. Something it went wrong..please try again!'];\n\t\t\t\t\t\tcontactform.push(innerVal);\n\t\t\t\t\t\tvar innerVal = [100011,'validation_error','Uno o pi&ugrave; campi hanno errori. Per favore controlla e prova di nuovo. One or two field have errors. Please check it out!'];\n\t\t\t\t\t\tcontactform.push(innerVal);\n\t\t\t\t\t\tvar innerVal = [100011,'spam','Si &egrave; verificato un errore durante l\\'invio del tuo messaggio. Per favore prova di nuovo. Something it went wrong..please try again!'];\n\t\t\t\t\t\tcontactform.push(innerVal);\n\t\t\t\t\t\tvar innerVal = [100011,'accept_terms','Devi accettare termini e condizioni prima di inviare il tuo messaggio. You must accept termins and conditions before send your message.'];\n\t\t\t\t\t\tcontactform.push(innerVal);\n\t\t\t\t\t\tvar innerVal = [100011,'invalid_required','Il campo &egrave; richiesto. Field requiered'];\n\t\t\t\t\t\tcontactform.push(innerVal);\n\t\t\t\t\t\tvar innerVal = [100011,'invalid_too_long','Il campo &egrave; troppo lungo. Field too much long.'];\n\t\t\t\t\t\tcontactform.push(innerVal);\n\t\t\t\t\t\tvar innerVal = [100011,'invalid_too_short','Il campo &egrave; troppo corto. Field too much short.'];\n\t\t\t\t\t\tcontactform.push(innerVal);\n\t\t\t\t\t\tvar innerVal = [100011,'upload_failed','Si &egrave; verificato un errore sconosciuto durante il caricamento del file.  Something it went wrong during upload file...please try again!'];\n\t\t\t\t\t\tcontactform.push(innerVal);\n\t\t\t\t\t\tvar innerVal = [100011,'upload_file_type_invalid','Non sei abilitato al caricamenti di file di questo tipo.'];\n\t\t\t\t\t\tcontactform.push(innerVal);\n\t\t\t\t\t\tvar innerVal = [100011,'upload_file_too_large','Il file &egrave; troppo grande. File too much big.'];\n\t\t\t\t\t\tcontactform.push(innerVal);\n\t\t\t\t\t\tvar innerVal = [100011,'upload_failed_php_error','Si &egrave; verificato un errore nel caricare il file.'];\n\t\t\t\t\t\tcontactform.push(innerVal);\n\t\t\t\t\t\tvar innerVal = [100011,'invalid_date','Il formato della data non &egrave; corretto. Invalide date.'];\n\t\t\t\t\t\tcontactform.push(innerVal);\n\t\t\t\t\t\tvar innerVal = [100011,'date_too_early','La data &egrave; antecedente alla prima data consentita.'];\n\t\t\t\t\t\tcontactform.push(innerVal);\n\t\t\t\t\t\tvar innerVal = [100011,'date_too_late','La data &egrave; successiva all\\'ultima data consentita.'];\n\t\t\t\t\t\tcontactform.push(innerVal);\n\t\t\t\t\t\tvar innerVal = [100011,'invalid_number','Il formato numerico non &egrave; valido.'];\n\t\t\t\t\t\tcontactform.push(innerVal);\n\t\t\t\t\t\tvar innerVal = [100011,'number_too_small','Il numero &egrave; inferiore al minimo consentito.'];\n\t\t\t\t\t\tcontactform.push(innerVal);\n\t\t\t\t\t\tvar innerVal = [100011,'number_too_large','Il numero &egrave; superiore al massimo consentito.'];\n\t\t\t\t\t\tcontactform.push(innerVal);\n\t\t\t\t\t\tvar innerVal = [100011,'quiz_answer_not_correct','La risposta al quiz non &egrave; corretta.'];\n\t\t\t\t\t\tcontactform.push(innerVal);\n\t\t\t\t\t\tvar innerVal = [100011,'invalid_email','L\\'indirizzo e-mail inserito non &egrave; valido. Invalid email adress.'];\n\t\t\t\t\t\tcontactform.push(innerVal);\n\t\t\t\t\t\tvar innerVal = [100011,'invalid_url','L\\'URL non &egrave; valido. Invalid URL.'];\n\t\t\t\t\t\tcontactform.push(innerVal);\n\t\t\t\t\t\tvar innerVal = [100011,'invalid_tel','Il numero di telefono non &egrave; valido. Invalid mobile number.'];\n\t\t\t\t\t\tcontactform.push(innerVal);\n\t\t\t\t\t\tvar innerVal = [100011,'gdpr',''];\n\t\t\t\t\t\tcontactform.push(innerVal);\n\t\t\t\t\t\t<\/script><div class=\"wpcf7-response-output\" aria-hidden=\"true\"><\/div>\n<\/form>\n<\/div>\n[\/vc_column][\/vc_row]\n<\/div>","protected":false},"excerpt":{"rendered":"<p>[vc_row 0=&#8221;&#8221;][vc_column][vc_single_image image=&#8221;101373&#8243; img_size=&#8221;full&#8221; alignment=&#8221;center&#8221; style=&#8221;vc_box_rounded&#8221; onclick=&#8221;img_link_large&#8221; img_link_target=&#8221;_blank&#8221; title=&#8221;MIND THE VIRGOS&#8221;][vc_custom_heading text=&#8221;Electric Band &amp; Acoustic Female Quartet&#8221; font_container=&#8221;tag:h2|text_align:center|color:%23e06d16&#8243; google_fonts=&#8221;font_family:Montserrat%20Alternates%3Aregular%2C700|font_style:400%20regular%3A400%3Anormal&#8221; css_animation=&#8221;fadeIn&#8221;][vc_empty_space][vc_custom_heading text=&#8221;Mind the Virgos \u00e8 una cover band tutta femminile con sonorit\u00e0 rock, dance, pop e soul che creano un mix avvincente. Un repertorio ricco di emozioni per serate coinvolgenti! Gemma Prudente, voce, Silvia Ricci, chitarra,<\/p>\n","protected":false},"author":1,"featured_media":0,"parent":0,"menu_order":0,"comment_status":"closed","ping_status":"closed","template":"","meta":{"footnotes":"","_links_to":"","_links_to_target":""},"class_list":["post-100064","page","type-page","status-publish","hentry"],"_links":{"self":[{"href":"https:\/\/sarahvolpi.it\/index.php\/wp-json\/wp\/v2\/pages\/100064","targetHints":{"allow":["GET"]}}],"collection":[{"href":"https:\/\/sarahvolpi.it\/index.php\/wp-json\/wp\/v2\/pages"}],"about":[{"href":"https:\/\/sarahvolpi.it\/index.php\/wp-json\/wp\/v2\/types\/page"}],"author":[{"embeddable":true,"href":"https:\/\/sarahvolpi.it\/index.php\/wp-json\/wp\/v2\/users\/1"}],"replies":[{"embeddable":true,"href":"https:\/\/sarahvolpi.it\/index.php\/wp-json\/wp\/v2\/comments?post=100064"}],"version-history":[{"count":94,"href":"https:\/\/sarahvolpi.it\/index.php\/wp-json\/wp\/v2\/pages\/100064\/revisions"}],"predecessor-version":[{"id":102034,"href":"https:\/\/sarahvolpi.it\/index.php\/wp-json\/wp\/v2\/pages\/100064\/revisions\/102034"}],"wp:attachment":[{"href":"https:\/\/sarahvolpi.it\/index.php\/wp-json\/wp\/v2\/media?parent=100064"}],"curies":[{"name":"wp","href":"https:\/\/api.w.org\/{rel}","templated":true}]}}